{"id":14,"date":"2021-08-17T08:43:19","date_gmt":"2021-08-17T08:43:19","guid":{"rendered":"https:\/\/ivaharamina.com\/?page_id=14"},"modified":"2021-09-04T13:08:10","modified_gmt":"2021-09-04T13:08:10","slug":"bio","status":"publish","type":"page","link":"https:\/\/ivaharamina.com\/en\/bio\/","title":{"rendered":"Bio"},"content":{"rendered":"<div data-elementor-type=\"wp-page\" data-elementor-id=\"14\" class=\"elementor elementor-14\" data-elementor-settings=\"[]\">\n\t\t\t\t\t\t\t<div class=\"elementor-section-wrap\">\n\t\t\t\t\t\t\t<section class=\"elementor-section elementor-top-section elementor-element elementor-element-e5bb285 elementor-section-full_width elementor-section-height-default elementor-section-height-default\" data-id=\"e5bb285\" data-element_type=\"section\">\n\t\t\t\t\t\t<div class=\"elementor-container elementor-column-gap-default\">\n\t\t\t\t\t<div class=\"elementor-column elementor-col-50 elementor-top-column elementor-element elementor-element-6b48a3f elementor-invisible\" data-id=\"6b48a3f\" data-element_type=\"column\" data-settings=\"{&quot;background_background&quot;:&quot;classic&quot;,&quot;animation&quot;:&quot;fadeInLeft&quot;}\">\n\t\t\t<div class=\"elementor-widget-wrap elementor-element-populated\">\n\t\t\t\t\t\t\t\t<div class=\"elementor-element elementor-element-560e8de elementor-widget elementor-widget-spacer\" data-id=\"560e8de\" data-element_type=\"widget\" data-widget_type=\"spacer.default\">\n\t\t\t\t<div class=\"elementor-widget-container\">\n\t\t\t\t\t<div class=\"elementor-spacer\">\n\t\t\t<div class=\"elementor-spacer-inner\"><\/div>\n\t\t<\/div>\n\t\t\t\t<\/div>\n\t\t\t\t<\/div>\n\t\t\t\t\t<\/div>\n\t\t<\/div>\n\t\t\t\t<div class=\"elementor-column elementor-col-50 elementor-top-column elementor-element elementor-element-79fbf1e\" data-id=\"79fbf1e\" data-element_type=\"column\" data-settings=\"{&quot;background_background&quot;:&quot;classic&quot;,&quot;animation&quot;:&quot;none&quot;}\">\n\t\t\t<div class=\"elementor-widget-wrap elementor-element-populated\">\n\t\t\t\t\t\t\t\t<section class=\"elementor-section elementor-inner-section elementor-element elementor-element-85cb65e elementor-hidden-tablet elementor-hidden-mobile elementor-section-boxed elementor-section-height-default elementor-section-height-default\" data-id=\"85cb65e\" data-element_type=\"section\">\n\t\t\t\t\t\t<div class=\"elementor-container elementor-column-gap-default\">\n\t\t\t\t\t<div class=\"elementor-column elementor-col-100 elementor-inner-column elementor-element elementor-element-2ee2ea5\" data-id=\"2ee2ea5\" data-element_type=\"column\">\n\t\t\t<div class=\"elementor-widget-wrap elementor-element-populated\">\n\t\t\t\t\t\t\t\t<div class=\"elementor-element elementor-element-195f921 elementor--h-position-center elementor--v-position-middle elementor-arrows-position-inside elementor-pagination-position-inside elementor-widget elementor-widget-slides\" data-id=\"195f921\" data-element_type=\"widget\" data-settings=\"{&quot;transition&quot;:&quot;fade&quot;,&quot;transition_speed&quot;:400,&quot;navigation&quot;:&quot;both&quot;,&quot;infinite&quot;:&quot;yes&quot;}\" data-widget_type=\"slides.default\">\n\t\t\t\t<div class=\"elementor-widget-container\">\n\t\t\t<style>\/*! elementor-pro - v3.5.2 - 28-11-2021 *\/\n.elementor-slides .swiper-slide-bg{-webkit-background-size:cover;background-size:cover;background-position:50%;background-repeat:no-repeat;min-width:100%;min-height:100%}.elementor-slides .swiper-slide-inner{background-repeat:no-repeat;background-position:50%;position:absolute;top:0;left:0;bottom:0;right:0;padding:50px;margin:auto}.elementor-slides .swiper-slide-inner,.elementor-slides .swiper-slide-inner:hover{color:#fff;display:-webkit-box;display:-ms-flexbox;display:flex}.elementor-slides .swiper-slide-inner .elementor-background-overlay{position:absolute;z-index:0;top:0;bottom:0;left:0;right:0}.elementor-slides .swiper-slide-inner .elementor-slide-content{position:relative;z-index:1;width:100%}.elementor-slides .swiper-slide-inner .elementor-slide-heading{font-size:35px;font-weight:700;line-height:1}.elementor-slides .swiper-slide-inner .elementor-slide-description{font-size:17px;line-height:1.4}.elementor-slides .swiper-slide-inner .elementor-slide-description:not(:last-child),.elementor-slides .swiper-slide-inner .elementor-slide-heading:not(:last-child){margin-bottom:30px}.elementor-slides .swiper-slide-inner .elementor-slide-button{border:2px solid #fff;color:#fff;background:transparent;display:inline-block}.elementor-slides .swiper-slide-inner .elementor-slide-button,.elementor-slides .swiper-slide-inner .elementor-slide-button:hover{background:transparent;color:inherit;text-decoration:none}.elementor--v-position-top .swiper-slide-inner{-webkit-box-align:start;-ms-flex-align:start;align-items:flex-start}.elementor--v-position-bottom .swiper-slide-inner{-webkit-box-align:end;-ms-flex-align:end;align-items:flex-end}.elementor--v-position-middle .swiper-slide-inner{-webkit-box-align:center;-ms-flex-align:center;align-items:center}.elementor--h-position-left .swiper-slide-inner{-webkit-box-pack:start;-ms-flex-pack:start;justify-content:flex-start}.elementor--h-position-right .swiper-slide-inner{-webkit-box-pack:end;-ms-flex-pack:end;justify-content:flex-end}.elementor--h-position-center .swiper-slide-inner{-webkit-box-pack:center;-ms-flex-pack:center;justify-content:center}body.rtl .elementor-widget-slides .elementor-swiper-button-next{left:10px;right:auto}body.rtl .elementor-widget-slides .elementor-swiper-button-prev{right:10px;left:auto}.elementor-slides-wrapper div:not(.swiper-slide)>.swiper-slide-inner{display:none}@media (max-width:767px){.elementor-slides .swiper-slide-inner{padding:30px}.elementor-slides .swiper-slide-inner .elementor-slide-heading{font-size:23px;line-height:1;margin-bottom:15px}.elementor-slides .swiper-slide-inner .elementor-slide-description{font-size:13px;line-height:1.4;margin-bottom:15px}}<\/style>\t\t<div class=\"elementor-swiper\">\n\t\t\t<div class=\"elementor-slides-wrapper elementor-main-swiper swiper-container\" dir=\"ltr\" data-animation=\"\">\n\t\t\t\t<div class=\"swiper-wrapper elementor-slides\">\n\t\t\t\t\t\t\t\t\t\t<div class=\"elementor-repeater-item-dc26003 swiper-slide\"><div class=\"swiper-slide-bg\"><\/div><div class=\"swiper-slide-inner\" ><div class=\"swiper-slide-contents\"><div class=\"elementor-slide-description\"><b>Iva Haramina Milinkovi\u0107<\/b> was born in Zagreb in 1978. She graduated from the Faculty of Humanities and Social Sciences Zagreb in 2004 and from the Academy of Fine Arts Zagreb, majoring in sculpture in the class of prof. S. Drinkovi\u0107 in 2009. In 2021, she acquired a pedagogical-psychological education as a teacher of fine arts at the teaching department of the Academy of Fine Arts in Zagreb. In her artwork, she works with sculpture, textiles, painting, and ceramics. She has participated in numerous exhibitions, art fairs, and workshops. She has led art workshops for children and adults. Her work is part of many private collections. She is a member of HDLU and HZSU. She lives and works in Zagreb.<\/div><\/div><\/div><\/div><div class=\"elementor-repeater-item-652ecb4 swiper-slide\"><div class=\"swiper-slide-bg\"><\/div><div class=\"swiper-slide-inner\" ><div class=\"swiper-slide-contents\"><div class=\"elementor-slide-description\"><b>EDUCATION <\/b><br>\n \u2022 2021. Faculty of Humanities and Social Sciences, Center for Teachers' Education, Academy of Fine Arts: pedagogical-psychological education for teachers, department of art culture\n<br> \u2022 2009. Academy of Fine Arts in Zagreb, department sculpture, class of prof. S. Drinkovi\u0107\n<br>  \u2022 2004. Faculty of Humanities and Social Sciences Zagreb, prof. of pedagogy and sociology\n<br> \u2022 1996. Gornjogradska (VI.) Gymnasium Zagreb\n<\/div><\/div><\/div><\/div><div class=\"elementor-repeater-item-47d25aa swiper-slide\"><div class=\"swiper-slide-bg\"><\/div><div class=\"swiper-slide-inner\" ><div class=\"swiper-slide-contents\"><div class=\"elementor-slide-description\"><b>AWARDS AND COMMENDATIONS<\/b><br>\n \u2022 Purchase Award of the Faculty of Economics for the sculpture \"Val\", 2008\n<br> \u2022 Purchase Award of AKD, for sculpture \u00abDrvored\u00bb, 2007\n<br> \u2022 Praise of the Council of the Academy of Fine Arts 2005\/06\n<\/div><\/div><\/div><\/div><div class=\"elementor-repeater-item-d10a028 swiper-slide\"><div class=\"swiper-slide-bg\"><\/div><div class=\"swiper-slide-inner\" ><div class=\"swiper-slide-contents\"><div class=\"elementor-slide-description\"><b>PUBLIC SCULPTURES<\/b> <br>\n \u2022 Zagreb, Faculty of Economics , \u00abVal\u00bb, 2008\n<br> \u2022 Bjelovar,  \u00abRazgovor\u00bb, wood, 2007\n<br> \u2022 Kuterevo, Velebit \u00abPlavo drvo\u00bb, wood, 2006\n<\/div><\/div><\/div><\/div><div class=\"elementor-repeater-item-71a5edb swiper-slide\"><div class=\"swiper-slide-bg\"><\/div><div class=\"swiper-slide-inner\" ><div class=\"swiper-slide-contents\"><div class=\"elementor-slide-description\"><b>PROFFESIONAL WORKSHOPS <\/b><br>\n \u2022 pedagogical-psychological education of teachers, Faculty of Humanities and Social Sciences Zagreb, 2020\/21\n<br>\n \u2022 master pottery workshop, leader Jadranko Gjerek, Zapre\u0161i\u0107, 2015\n<br>\n \u2022 educational workshop in Art Therapy, Zagreb, 2012\n<br>\n \u2022 educational workshop in Art Therapy, Zagreb, 2013\n<br>\n \u2022 professional development in Sculpture design with children of early and preschool age, Zagreb, 2020\n<\/div><\/div><\/div><\/div><div class=\"elementor-repeater-item-3dd424d swiper-slide\"><div class=\"swiper-slide-bg\"><\/div><div class=\"swiper-slide-inner\" ><div class=\"swiper-slide-contents\"><div class=\"elementor-slide-description\"><b>MEMBERSHIPS<\/b><br>\n \u2022 2009. HDLU, Croatian Association of Artists\n<br> \u2022 2015. HZSU, Croatian Association of Independent Artists\n<\/div><\/div><\/div><\/div><div class=\"elementor-repeater-item-01a7f2f swiper-slide\"><div class=\"swiper-slide-bg\"><\/div><div class=\"swiper-slide-inner\" ><div class=\"swiper-slide-contents\"><div class=\"elementor-slide-description\"><b>INDEPENDENT EXHIBITIONS<\/b><br>\n \u2022 Art of Smile Gallery, Zagreb, 2021\n<br> \u2022 M. and I. Steiner Gallery, \u017dOZ, 2015\n<br> \u2022 Fonticus Gallery, Gro\u017enjan, 2015\n<br> \u2022 SC Gallery, Zagreb, 2014\n<br> \u2022 Green Room Gallery, Zabok, 2014\n<br> \u2022 Kiosk Gallery, Student Center, \"Po\u0161arani kiosk\", 2010.<\/div><\/div><\/div><\/div><div class=\"elementor-repeater-item-2be9462 swiper-slide\"><div class=\"swiper-slide-bg\"><\/div><div class=\"swiper-slide-inner\" ><div class=\"swiper-slide-contents\"><div class=\"elementor-slide-description\"> <b>GROUP EXHIBITIONS<\/b><br>\n\n \u2022 Art Zagreb 2021, Technical Museum, Zagreb, 2021\n<br> \u2022 Ilica Project, 2021\n<br> \u2022 Exhibition of sculptures in ceramics, Dugo Selo, 2019\n<br> \u2022 Education, collective selected project, Gro\u017enjan, 2019\n<br> \u2022 Animus, Split, 2019\n<br> \u2022 International Exhibition of Miniatures, ULS, Zapre\u0161i\u0107, 2016\n<br> \u2022 Watercolors on scaffolding, Matija Skurjeni Museum, Zapre\u0161i\u0107, 2015.\n<br> \u2022 International Exhibition of Miniatures, ULS, Zapre\u0161i\u0107, 2015\n<br>  \u2022 \"Working Woman\", Decumanus Gallery, Krk, 2015\n<br> \u2022 \"In the rhythm of a touch\", Gallery Klovi\u0107evi dvori, Zagreb, 2015\n<br> \u2022 C.R.T.A. HDLU, drawing project within Artomat, Zagreb, 2013\n<br> \u2022 Antisalon of young, Zagreb, 2012\n<br>  \u2022 \"Out of format\", exhibition of works by ALU students, Faculty of Economics, Zagreb, 2008\n<br> \u2022 Exhibition of drawings as part of the 59th Dubrovnik Summer Festival \" To Marin Dr\u017ei\u0107 with a drawing\", Dubrovnik, 2008\n<br> \u2022 IV. Drawing Triennale, branch of the Academy of Fine Arts, Zagreb, 2008\n<br> \u2022 Exhibition of drawings on the occasion of the 500th anniversary of the birth of Marin Dr\u017ei\u0107, Academy of Fine Arts, Zagreb, 2008\n<br> \u2022 9th Ivo Kerdi\u0107 Memorial: Triennial of Croatian Medal and Small Sculpture, Osijek, 2007\n<br> \u2022 University Festival, Exhibition of drawings \"Work in progress\" SC Gallery, Zagreb 2008\n<br> \u2022 Exhibition of drawings on the occasion of the 100th anniversary of the Academy of Fine Arts, Zagreb, 2007\n<br> \u2022 Passion Heritage, Kristofor Stankovi\u0107 Gallery, Zagreb, 2006\n<\/div><\/div><\/div><\/div>\t\t\t\t<\/div>\n\t\t\t\t\t\t\t\t\t\t\t\t\t\t\t<div class=\"swiper-pagination\"><\/div>\n\t\t\t\t\t\t\t\t\t\t\t\t\t\t\t\t<div class=\"elementor-swiper-button elementor-swiper-button-prev\">\n\t\t\t\t\t\t\t<i aria-hidden=\"true\" class=\"eicon-chevron-left\"><\/i>\t\t\t\t\t\t\t<span class=\"elementor-screen-only\">Previous<\/span>\n\t\t\t\t\t\t<\/div>\n\t\t\t\t\t\t<div class=\"elementor-swiper-button elementor-swiper-button-next\">\n\t\t\t\t\t\t\t<i aria-hidden=\"true\" class=\"eicon-chevron-right\"><\/i>\t\t\t\t\t\t\t<span class=\"elementor-screen-only\">Next<\/span>\n\t\t\t\t\t\t<\/div>\n\t\t\t\t\t\t\t\t\t\t\t\t<\/div>\n\t\t<\/div>\n\t\t\t\t<\/div>\n\t\t\t\t<\/div>\n\t\t\t\t\t<\/div>\n\t\t<\/div>\n\t\t\t\t\t\t\t<\/div>\n\t\t<\/section>\n\t\t\t\t<section class=\"elementor-section elementor-inner-section elementor-element elementor-element-b590a17 elementor-hidden-desktop elementor-section-boxed elementor-section-height-default elementor-section-height-default\" data-id=\"b590a17\" data-element_type=\"section\">\n\t\t\t\t\t\t<div class=\"elementor-container elementor-column-gap-default\">\n\t\t\t\t\t<div class=\"elementor-column elementor-col-100 elementor-inner-column elementor-element elementor-element-37cbcb1\" data-id=\"37cbcb1\" data-element_type=\"column\">\n\t\t\t<div class=\"elementor-widget-wrap elementor-element-populated\">\n\t\t\t\t\t\t\t\t<div class=\"elementor-element elementor-element-0468834 elementor-widget elementor-widget-spacer\" data-id=\"0468834\" data-element_type=\"widget\" data-widget_type=\"spacer.default\">\n\t\t\t\t<div class=\"elementor-widget-container\">\n\t\t\t\t\t<div class=\"elementor-spacer\">\n\t\t\t<div class=\"elementor-spacer-inner\"><\/div>\n\t\t<\/div>\n\t\t\t\t<\/div>\n\t\t\t\t<\/div>\n\t\t\t\t<div class=\"elementor-element elementor-element-6f63d72 elementor-widget elementor-widget-text-editor\" data-id=\"6f63d72\" data-element_type=\"widget\" data-widget_type=\"text-editor.default\">\n\t\t\t\t<div class=\"elementor-widget-container\">\n\t\t\t<style>\/*! elementor - v3.5.3 - 28-12-2021 *\/\n.elementor-widget-text-editor.elementor-drop-cap-view-stacked .elementor-drop-cap{background-color:#818a91;color:#fff}.elementor-widget-text-editor.elementor-drop-cap-view-framed .elementor-drop-cap{color:#818a91;border:3px solid;background-color:transparent}.elementor-widget-text-editor:not(.elementor-drop-cap-view-default) .elementor-drop-cap{margin-top:8px}.elementor-widget-text-editor:not(.elementor-drop-cap-view-default) .elementor-drop-cap-letter{width:1em;height:1em}.elementor-widget-text-editor .elementor-drop-cap{float:left;text-align:center;line-height:1;font-size:50px}.elementor-widget-text-editor .elementor-drop-cap-letter{display:inline-block}<\/style>\t\t\t\t<p><em>swipe for more information &gt;<\/em><\/p>\t\t\t\t\t\t<\/div>\n\t\t\t\t<\/div>\n\t\t\t\t\t<\/div>\n\t\t<\/div>\n\t\t\t\t\t\t\t<\/div>\n\t\t<\/section>\n\t\t\t\t<section class=\"elementor-section elementor-inner-section elementor-element elementor-element-05b018b elementor-hidden-desktop elementor-section-boxed elementor-section-height-default elementor-section-height-default\" data-id=\"05b018b\" data-element_type=\"section\">\n\t\t\t\t\t\t<div class=\"elementor-container elementor-column-gap-default\">\n\t\t\t\t\t<div class=\"elementor-column elementor-col-100 elementor-inner-column elementor-element elementor-element-a906428\" data-id=\"a906428\" data-element_type=\"column\">\n\t\t\t<div class=\"elementor-widget-wrap elementor-element-populated\">\n\t\t\t\t\t\t\t\t<div class=\"elementor-element elementor-element-6252619 elementor--h-position-center elementor--v-position-middle elementor-widget elementor-widget-slides\" data-id=\"6252619\" data-element_type=\"widget\" data-settings=\"{&quot;transition_speed&quot;:400,&quot;navigation&quot;:&quot;none&quot;,&quot;infinite&quot;:&quot;yes&quot;,&quot;transition&quot;:&quot;slide&quot;}\" data-widget_type=\"slides.default\">\n\t\t\t\t<div class=\"elementor-widget-container\">\n\t\t\t\t\t<div class=\"elementor-swiper\">\n\t\t\t<div class=\"elementor-slides-wrapper elementor-main-swiper swiper-container\" dir=\"ltr\" data-animation=\"\">\n\t\t\t\t<div class=\"swiper-wrapper elementor-slides\">\n\t\t\t\t\t\t\t\t\t\t<div class=\"elementor-repeater-item-dc26003 swiper-slide\"><div class=\"swiper-slide-bg\"><\/div><div class=\"swiper-slide-inner\" ><div class=\"swiper-slide-contents\"><div class=\"elementor-slide-description\"><b>Iva Haramina Milinkovi\u0107<\/b> was born in Zagreb in 1978. She graduated from the Faculty of Humanities and Social Sciences Zagreb in 2004 and from the Academy of Fine Arts Zagreb, majoring in sculpture in the class of prof. S. Drinkovi\u0107 in 2009. In 2021, she acquired a pedagogical-psychological education as a teacher of fine arts at the teaching department of the Academy of Fine Arts in Zagreb. In her artwork, she works with sculpture, textiles, painting, and ceramics. She has participated in numerous exhibitions, art fairs, and workshops. She has led art workshops for children and adults. Her work is part of many private collections. She is a member of HDLU and HZSU. She lives and works in Zagreb.<\/div><\/div><\/div><\/div><div class=\"elementor-repeater-item-652ecb4 swiper-slide\"><div class=\"swiper-slide-bg\"><\/div><div class=\"swiper-slide-inner\" ><div class=\"swiper-slide-contents\"><div class=\"elementor-slide-description\"><b>EDUCATION <\/b><br>\n \u2022 2021. Faculty of Humanities and Social Sciences, Center for Teachers' Education, Academy of Fine Arts: pedagogical-psychological education for teachers, department of art culture\n<br> \u2022 2009. Academy of Fine Arts in Zagreb, department sculpture, class of prof. S. Drinkovi\u0107\n<br>  \u2022 2004. Faculty of Humanities and Social Sciences Zagreb, prof. of pedagogy and sociology\n<br> \u2022 1996. Gornjogradska (VI.) Gymnasium Zagreb\n<\/div><\/div><\/div><\/div><div class=\"elementor-repeater-item-47d25aa swiper-slide\"><div class=\"swiper-slide-bg\"><\/div><div class=\"swiper-slide-inner\" ><div class=\"swiper-slide-contents\"><div class=\"elementor-slide-description\"><b>AWARDS AND COMMENDATIONS<\/b><br>\n \u2022 Purchase Award of the Faculty of Economics for the sculpture \"Val\", 2008\n<br> \u2022 Purchase Award of AKD, for sculpture \u00abDrvored\u00bb, 2007\n<br> \u2022 Praise of the Council of the Academy of Fine Arts 2005\/06\n<\/div><\/div><\/div><\/div><div class=\"elementor-repeater-item-d10a028 swiper-slide\"><div class=\"swiper-slide-bg\"><\/div><div class=\"swiper-slide-inner\" ><div class=\"swiper-slide-contents\"><div class=\"elementor-slide-description\"><b>PUBLIC SCULPTURES<\/b> <br>\n \u2022 Zagreb, Faculty of Economics , \u00abVal\u00bb, 2008\n<br> \u2022 Bjelovar,  \u00abRazgovor\u00bb, wood, 2007\n<br> \u2022 Kuterevo, Velebit \u00abPlavo drvo\u00bb, wood, 2006\n<\/div><\/div><\/div><\/div><div class=\"elementor-repeater-item-71a5edb swiper-slide\"><div class=\"swiper-slide-bg\"><\/div><div class=\"swiper-slide-inner\" ><div class=\"swiper-slide-contents\"><div class=\"elementor-slide-description\"><b>PROFFESIONAL WORKSHOPS <\/b><br>\n \u2022 pedagogical-psychological education of teachers, Faculty of Humanities and Social Sciences Zagreb, 2020\/21\n<br>\n \u2022 master pottery workshop, leader Jadranko Gjerek, Zapre\u0161i\u0107, 2015\n<br>\n \u2022 educational workshop in Art Therapy, Zagreb, 2012\n<br>\n \u2022 educational workshop in Art Therapy, Zagreb, 2013\n<br>\n \u2022 professional development in Sculpture design with children of early and preschool age, Zagreb, 2020\n<\/div><\/div><\/div><\/div><div class=\"elementor-repeater-item-3dd424d swiper-slide\"><div class=\"swiper-slide-bg\"><\/div><div class=\"swiper-slide-inner\" ><div class=\"swiper-slide-contents\"><div class=\"elementor-slide-description\"><b>MEMBERSHIPS<\/b><br>\n \u2022 2009. HDLU, Croatian Association of Artists\n<br> \u2022 2015. HZSU, Croatian Association of Independent Artists\n<\/div><\/div><\/div><\/div><div class=\"elementor-repeater-item-01a7f2f swiper-slide\"><div class=\"swiper-slide-bg\"><\/div><div class=\"swiper-slide-inner\" ><div class=\"swiper-slide-contents\"><div class=\"elementor-slide-description\"><b>INDEPENDENT EXHIBITIONS<\/b><br>\n \u2022 Art of Smile Gallery, Zagreb, 2021\n<br> \u2022 M. and I. Steiner Gallery, \u017dOZ, 2015\n<br> \u2022 Fonticus Gallery, Gro\u017enjan, 2015\n<br> \u2022 SC Gallery, Zagreb, 2014\n<br> \u2022 Green Room Gallery, Zabok, 2014\n<br> \u2022 Kiosk Gallery, Student Center, \"Po\u0161arani kiosk\", 2010.<\/div><\/div><\/div><\/div><div class=\"elementor-repeater-item-2be9462 swiper-slide\"><div class=\"swiper-slide-bg\"><\/div><div class=\"swiper-slide-inner\" ><div class=\"swiper-slide-contents\"><div class=\"elementor-slide-description\"> <b>GROUP EXHIBITIONS<\/b><br>\n\n \u2022 Art Zagreb 2021, Technical Museum, Zagreb, 2021\n<br> \u2022 Ilica Project, 2021\n<br> \u2022 Exhibition of sculptures in ceramics, Dugo Selo, 2019\n<br> \u2022 Education, collective selected project, Gro\u017enjan, 2019\n<br> \u2022 Animus, Split, 2019\n<br> \u2022 International Exhibition of Miniatures, ULS, Zapre\u0161i\u0107, 2016\n<br> \u2022 Watercolors on scaffolding, Matija Skurjeni Museum, Zapre\u0161i\u0107, 2015.\n<br> \u2022 International Exhibition of Miniatures, ULS, Zapre\u0161i\u0107, 2015\n<br>  \u2022 \"Working Woman\", Decumanus Gallery, Krk, 2015\n<br> \u2022 \"In the rhythm of a touch\", Gallery Klovi\u0107evi dvori, Zagreb, 2015\n<br> \u2022 C.R.T.A. HDLU, drawing project within Artomat, Zagreb, 2013\n<br> \u2022 Antisalon of young, Zagreb, 2012\n<br>  \u2022 \"Out of format\", exhibition of works by ALU students, Faculty of Economics, Zagreb, 2008\n<br> \u2022 Exhibition of drawings as part of the 59th Dubrovnik Summer Festival \" To Marin Dr\u017ei\u0107 with a drawing\", Dubrovnik, 2008\n<br> \u2022 IV. Drawing Triennale, branch of the Academy of Fine Arts, Zagreb, 2008\n<br> \u2022 Exhibition of drawings on the occasion of the 500th anniversary of the birth of Marin Dr\u017ei\u0107, Academy of Fine Arts, Zagreb, 2008\n<br> \u2022 9th Ivo Kerdi\u0107 Memorial: Triennial of Croatian Medal and Small Sculpture, Osijek, 2007\n<br> \u2022 University Festival, Exhibition of drawings \"Work in progress\" SC Gallery, Zagreb 2008\n<br> \u2022 Exhibition of drawings on the occasion of the 100th anniversary of the Academy of Fine Arts, Zagreb, 2007\n<br> \u2022 Passion Heritage, Kristofor Stankovi\u0107 Gallery, Zagreb, 2006\n<\/div><\/div><\/div><\/div>\t\t\t\t<\/div>\n\t\t\t\t\t\t\t\t\t\t\t\t\t\t\t\t\t\t\t\t\t<\/div>\n\t\t<\/div>\n\t\t\t\t<\/div>\n\t\t\t\t<\/div>\n\t\t\t\t\t<\/div>\n\t\t<\/div>\n\t\t\t\t\t\t\t<\/div>\n\t\t<\/section>\n\t\t\t\t\t<\/div>\n\t\t<\/div>\n\t\t\t\t\t\t\t<\/div>\n\t\t<\/section>\n\t\t\t\t\t\t<\/div>\n\t\t\t\t\t<\/div>","protected":false},"excerpt":{"rendered":"<p>Iva Haramina Milinkovi\u0107 ro\u0111ena je u Zagrebu 1978. godine. Diplomirala je na Filozofskom fakultetu u Zagrebu 2004. i na Akademiji likovnih umjetnosti u Zagrebu, smjer kiparstvo u klasi prof. S. Drinkovi\u0107a 2009. godine. 2021. godine stekla je pedago\u0161ko-psiholo\u0161ko obrazovanje za nastavnika likovne kulture na nastavni\u010dkom odsjeku Akademije likovnih umjetnosti u Zagrebu. U svom radu bavi&hellip; <a class=\"more-link\" href=\"https:\/\/ivaharamina.com\/en\/bio\/\">Continue reading <span class=\"screen-reader-text\">Bio<\/span><\/a><\/p>","protected":false},"author":1,"featured_media":0,"parent":0,"menu_order":0,"comment_status":"closed","ping_status":"closed","template":"elementor_header_footer","meta":{"footnotes":""},"class_list":["post-14","page","type-page","status-publish","hentry","entry"],"_links":{"self":[{"href":"https:\/\/ivaharamina.com\/en\/wp-json\/wp\/v2\/pages\/14","targetHints":{"allow":["GET"]}}],"collection":[{"href":"https:\/\/ivaharamina.com\/en\/wp-json\/wp\/v2\/pages"}],"about":[{"href":"https:\/\/ivaharamina.com\/en\/wp-json\/wp\/v2\/types\/page"}],"author":[{"embeddable":true,"href":"https:\/\/ivaharamina.com\/en\/wp-json\/wp\/v2\/users\/1"}],"replies":[{"embeddable":true,"href":"https:\/\/ivaharamina.com\/en\/wp-json\/wp\/v2\/comments?post=14"}],"version-history":[{"count":107,"href":"https:\/\/ivaharamina.com\/en\/wp-json\/wp\/v2\/pages\/14\/revisions"}],"predecessor-version":[{"id":1420,"href":"https:\/\/ivaharamina.com\/en\/wp-json\/wp\/v2\/pages\/14\/revisions\/1420"}],"wp:attachment":[{"href":"https:\/\/ivaharamina.com\/en\/wp-json\/wp\/v2\/media?parent=14"}],"curies":[{"name":"wp","href":"https:\/\/api.w.org\/{rel}","templated":true}]}}